{"id":303,"date":"2025-03-19T11:12:40","date_gmt":"2025-03-19T14:12:40","guid":{"rendered":"https:\/\/jatrami2025.unsj.edu.ar\/?page_id=303"},"modified":"2025-10-21T10:59:44","modified_gmt":"2025-10-21T13:59:44","slug":"conferencias","status":"publish","type":"page","link":"https:\/\/jatrami2025.unsj.edu.ar\/?page_id=303","title":{"rendered":"CONFERENCIAS"},"content":{"rendered":"\n<p class=\"has-contrast-dark-color has-text-color has-link-color has-superbfont-small-font-size wp-elements-94682a95a5eba4b0f0e3e18d7a1df913\"><strong> <em>Lixiviaci\u00f3n de Metales: Procesos, Innovaciones y Desaf\u00edos<\/em><\/strong>. <strong><a href=\"https:\/\/jatrami2025.unsj.edu.ar\/wp-content\/uploads\/2025\/03\/CV-RESUMEN-F.TORRES-1.pdf\" target=\"_blank\" rel=\"noreferrer noopener\">Dr. Fernando Torres (CV) <\/a><\/strong>   <img loading=\"lazy\" decoding=\"async\" width=\"100\" height=\"118\" class=\"wp-image-542\" style=\"width: 100px;\" src=\"https:\/\/jatrami2025.unsj.edu.ar\/wp-content\/uploads\/2025\/08\/Torres-1.jpeg\" alt=\"\"><\/p>\n\n\n\n<p class=\"has-contrast-dark-color has-text-color has-link-color has-superbfont-small-font-size wp-elements-8fc95c430bf32079e5bee296d9769d0e\"><strong><em>Los Grandes Desaf\u00edos de la Puesta en Marcha de un Proyecto Minero<\/em>. <a href=\"https:\/\/jatrami2025.unsj.edu.ar\/wp-content\/uploads\/2025\/03\/CV-Ipinza-Abarca-Jorge-junio-2024.pdf\" target=\"_blank\" rel=\"noreferrer noopener\">Dr. Jorge Ipinza Abarca<\/a> (CV)<\/strong><img loading=\"lazy\" decoding=\"async\" width=\"150\" height=\"100\" class=\"wp-image-543\" style=\"width: 150px;\" src=\"https:\/\/jatrami2025.unsj.edu.ar\/wp-content\/uploads\/2025\/08\/Ipinza.jpeg\" alt=\"\" srcset=\"https:\/\/jatrami2025.unsj.edu.ar\/wp-content\/uploads\/2025\/08\/Ipinza.jpeg 600w, https:\/\/jatrami2025.unsj.edu.ar\/wp-content\/uploads\/2025\/08\/Ipinza-300x200.jpeg 300w\" sizes=\"auto, (max-width: 150px) 100vw, 150px\" \/><\/p>\n\n\n\n<p class=\"has-contrast-dark-color has-text-color has-link-color has-superbfont-small-font-size wp-elements-97d0134359f6b210753ec4fa17919ff6\"><strong><em>Extracci\u00f3n por solventes y su aplicaci\u00f3n en la miner\u00eda<\/em><\/strong>. <a href=\"https:\/\/jatrami2025.unsj.edu.ar\/wp-content\/uploads\/2025\/05\/CV-Taging-l-JATRAMI-2025.pdf\" data-type=\"link\" data-id=\"https:\/\/jatrami2025.unsj.edu.ar\/wp-content\/uploads\/2025\/05\/CV-Taging-l-JATRAMI-2025.pdf\"><strong>Roberto Fueyo<\/strong> <strong>y Camila Blanco <strong>l<\/strong><\/strong> <strong>TAGING (CV)<\/strong><\/a> <img loading=\"lazy\" decoding=\"async\" width=\"100\" height=\"108\" class=\"wp-image-545\" style=\"width: 100px;\" src=\"https:\/\/jatrami2025.unsj.edu.ar\/wp-content\/uploads\/2025\/08\/Fueyo-1.jpeg\" alt=\"\" srcset=\"https:\/\/jatrami2025.unsj.edu.ar\/wp-content\/uploads\/2025\/08\/Fueyo-1.jpeg 1060w, https:\/\/jatrami2025.unsj.edu.ar\/wp-content\/uploads\/2025\/08\/Fueyo-1-277x300.jpeg 277w, https:\/\/jatrami2025.unsj.edu.ar\/wp-content\/uploads\/2025\/08\/Fueyo-1-945x1024.jpeg 945w, https:\/\/jatrami2025.unsj.edu.ar\/wp-content\/uploads\/2025\/08\/Fueyo-1-768x832.jpeg 768w\" sizes=\"auto, (max-width: 100px) 100vw, 100px\" \/> <img loading=\"lazy\" decoding=\"async\" width=\"110\" height=\"110\" class=\"wp-image-544\" style=\"width: 110px;\" src=\"https:\/\/jatrami2025.unsj.edu.ar\/wp-content\/uploads\/2025\/08\/Blanco.jpeg\" alt=\"\" srcset=\"https:\/\/jatrami2025.unsj.edu.ar\/wp-content\/uploads\/2025\/08\/Blanco.jpeg 800w, https:\/\/jatrami2025.unsj.edu.ar\/wp-content\/uploads\/2025\/08\/Blanco-300x300.jpeg 300w, https:\/\/jatrami2025.unsj.edu.ar\/wp-content\/uploads\/2025\/08\/Blanco-150x150.jpeg 150w, https:\/\/jatrami2025.unsj.edu.ar\/wp-content\/uploads\/2025\/08\/Blanco-768x768.jpeg 768w\" sizes=\"auto, (max-width: 110px) 100vw, 110px\" \/><\/p>\n\n\n\n<p class=\"has-contrast-dark-color has-text-color has-link-color has-superbfont-small-font-size wp-elements-dc018717818cbbd29124c551dd497794\"><em><strong>Digitalizaci\u00f3n en la flotaci\u00f3n para optimizar los procesos.<\/strong><\/em><strong> <\/strong><a href=\"https:\/\/jatrami2025.unsj.edu.ar\/wp-content\/uploads\/2025\/05\/CV_Pablo-C-Fajardo-Araya.pdf\" data-type=\"link\" data-id=\"https:\/\/jatrami2025.unsj.edu.ar\/wp-content\/uploads\/2025\/05\/CV_Pablo-C-Fajardo-Araya.pdf\"><strong>Ing. Pablo C\u00e9sar Fajardo Araya <strong><strong>l<\/strong><\/strong><\/strong> <strong>NALCO (CV)<\/strong><\/a>   <img loading=\"lazy\" decoding=\"async\" width=\"100\" height=\"98\" class=\"wp-image-548\" style=\"width: 100px;\" src=\"https:\/\/jatrami2025.unsj.edu.ar\/wp-content\/uploads\/2025\/08\/WhatsApp-Image-2025-08-29-at-13.33.23.jpeg\" alt=\"\" srcset=\"https:\/\/jatrami2025.unsj.edu.ar\/wp-content\/uploads\/2025\/08\/WhatsApp-Image-2025-08-29-at-13.33.23.jpeg 854w, https:\/\/jatrami2025.unsj.edu.ar\/wp-content\/uploads\/2025\/08\/WhatsApp-Image-2025-08-29-at-13.33.23-300x295.jpeg 300w, https:\/\/jatrami2025.unsj.edu.ar\/wp-content\/uploads\/2025\/08\/WhatsApp-Image-2025-08-29-at-13.33.23-768x755.jpeg 768w\" sizes=\"auto, (max-width: 100px) 100vw, 100px\" \/><\/p>\n\n\n\n<p class=\"has-contrast-dark-color has-text-color has-link-color has-superbfont-small-font-size wp-elements-776da3cfce3472759dd72c9ab929e270\"><em><strong>C\u00f3mo la IA nos ayuda al tratamiento de minerales<\/strong><\/em>. <a href=\"https:\/\/jatrami2025.unsj.edu.ar\/wp-content\/uploads\/2025\/07\/CV-Luis-Rojas-Valdivia.pdf\" data-type=\"link\" data-id=\"https:\/\/jatrami2025.unsj.edu.ar\/wp-content\/uploads\/2025\/07\/CV-Luis-Rojas-Valdivia.pdf\" target=\"_blank\" rel=\"noreferrer noopener\"><strong>Dr.<\/strong> <strong>Luis Rojas Valdivia<\/strong><\/a> <img loading=\"lazy\" decoding=\"async\" width=\"100\" height=\"100\" class=\"wp-image-547\" style=\"width: 100px;\" src=\"https:\/\/jatrami2025.unsj.edu.ar\/wp-content\/uploads\/2025\/08\/Rojas.jpeg\" alt=\"\" srcset=\"https:\/\/jatrami2025.unsj.edu.ar\/wp-content\/uploads\/2025\/08\/Rojas.jpeg 1024w, https:\/\/jatrami2025.unsj.edu.ar\/wp-content\/uploads\/2025\/08\/Rojas-300x300.jpeg 300w, https:\/\/jatrami2025.unsj.edu.ar\/wp-content\/uploads\/2025\/08\/Rojas-150x150.jpeg 150w, https:\/\/jatrami2025.unsj.edu.ar\/wp-content\/uploads\/2025\/08\/Rojas-768x768.jpeg 768w\" sizes=\"auto, (max-width: 100px) 100vw, 100px\" \/><\/p>\n\n\n\n<p class=\"has-contrast-dark-color has-text-color has-link-color has-superbfont-small-font-size wp-elements-334534db5fab8e109ca4fe017e880fbc\"><em>Proyecto Vicu\u00f1a<\/em>. <a href=\"https:\/\/jatrami2025.unsj.edu.ar\/wp-content\/uploads\/2025\/10\/CV.docx\">Lic. Juan Arrieta, Lic. Valeria Cort\u00e9z<\/a><img loading=\"lazy\" decoding=\"async\" width=\"100\" height=\"96\" class=\"wp-image-576\" style=\"width: 100px;\" src=\"https:\/\/jatrami2025.unsj.edu.ar\/wp-content\/uploads\/2025\/10\/WhatsApp-Image-2025-10-21-at-10.54.59.jpeg\" alt=\"\" srcset=\"https:\/\/jatrami2025.unsj.edu.ar\/wp-content\/uploads\/2025\/10\/WhatsApp-Image-2025-10-21-at-10.54.59.jpeg 331w, https:\/\/jatrami2025.unsj.edu.ar\/wp-content\/uploads\/2025\/10\/WhatsApp-Image-2025-10-21-at-10.54.59-300x287.jpeg 300w\" sizes=\"auto, (max-width: 100px) 100vw, 100px\" \/>    <img loading=\"lazy\" decoding=\"async\" width=\"100\" height=\"100\" class=\"wp-image-577\" style=\"width: 100px;\" src=\"https:\/\/jatrami2025.unsj.edu.ar\/wp-content\/uploads\/2025\/10\/WhatsApp-Image-2025-10-21-at-10.55.28.jpeg\" alt=\"\" srcset=\"https:\/\/jatrami2025.unsj.edu.ar\/wp-content\/uploads\/2025\/10\/WhatsApp-Image-2025-10-21-at-10.55.28.jpeg 733w, https:\/\/jatrami2025.unsj.edu.ar\/wp-content\/uploads\/2025\/10\/WhatsApp-Image-2025-10-21-at-10.55.28-300x300.jpeg 300w, https:\/\/jatrami2025.unsj.edu.ar\/wp-content\/uploads\/2025\/10\/WhatsApp-Image-2025-10-21-at-10.55.28-150x150.jpeg 150w\" sizes=\"auto, (max-width: 100px) 100vw, 100px\" \/><\/p>\n","protected":false},"excerpt":{"rendered":"<p>Lixiviaci\u00f3n de Metales: Procesos, Innovaciones y Desaf\u00edos. Dr. Fernando Torres (CV) Los Grandes Desaf\u00edos de la Puesta en Marcha de un Proyecto Minero. Dr. Jorge Ipinza Abarca (CV) Extracci\u00f3n por solventes y su aplicaci\u00f3n en la miner\u00eda. Roberto Fueyo y Camila Blanco l TAGING (CV) Digitalizaci\u00f3n en la flotaci\u00f3n para optimizar los procesos. Ing. Pablo [&hellip;]<\/p>\n","protected":false},"author":1,"featured_media":0,"parent":0,"menu_order":0,"comment_status":"closed","ping_status":"closed","template":"","meta":{"footnotes":""},"class_list":["post-303","page","type-page","status-publish","hentry"],"_links":{"self":[{"href":"https:\/\/jatrami2025.unsj.edu.ar\/index.php?rest_route=\/wp\/v2\/pages\/303","targetHints":{"allow":["GET"]}}],"collection":[{"href":"https:\/\/jatrami2025.unsj.edu.ar\/index.php?rest_route=\/wp\/v2\/pages"}],"about":[{"href":"https:\/\/jatrami2025.unsj.edu.ar\/index.php?rest_route=\/wp\/v2\/types\/page"}],"author":[{"embeddable":true,"href":"https:\/\/jatrami2025.unsj.edu.ar\/index.php?rest_route=\/wp\/v2\/users\/1"}],"replies":[{"embeddable":true,"href":"https:\/\/jatrami2025.unsj.edu.ar\/index.php?rest_route=%2Fwp%2Fv2%2Fcomments&post=303"}],"version-history":[{"count":27,"href":"https:\/\/jatrami2025.unsj.edu.ar\/index.php?rest_route=\/wp\/v2\/pages\/303\/revisions"}],"predecessor-version":[{"id":578,"href":"https:\/\/jatrami2025.unsj.edu.ar\/index.php?rest_route=\/wp\/v2\/pages\/303\/revisions\/578"}],"wp:attachment":[{"href":"https:\/\/jatrami2025.unsj.edu.ar\/index.php?rest_route=%2Fwp%2Fv2%2Fmedia&parent=303"}],"curies":[{"name":"wp","href":"https:\/\/api.w.org\/{rel}","templated":true}]}}