{"id":46,"date":"2024-07-30T11:56:37","date_gmt":"2024-07-30T14:56:37","guid":{"rendered":"https:\/\/jatrami2025.unsj.edu.ar\/?page_id=46"},"modified":"2025-10-02T12:42:23","modified_gmt":"2025-10-02T15:42:23","slug":"inscripciones","status":"publish","type":"page","link":"https:\/\/jatrami2025.unsj.edu.ar\/?page_id=46","title":{"rendered":"Inscripciones"},"content":{"rendered":"\n<p><strong>FECHAS DE INSCRIPCI\u00d3N PARA AUTORES Y ASISTENTES<\/strong><\/p>\n\n\n\n<p>Para quienes est\u00e9n <strong>EXENTOS DE PAGO<\/strong> les solicitamos <strong><mark style=\"background-color:rgba(0, 0, 0, 0)\" class=\"has-inline-color has-primary-hover-color\">igualmente que se inscriban en el link de inscripci\u00f3n <\/mark><\/strong>para <strong>registrar su asistencia<\/strong>.<\/p>\n\n\n\n<ul class=\"wp-block-list\">\n<li>INSCRIPCION ANTICIPADA desde el 15 de abril hasta el 1 de septiembre de 2025<\/li>\n\n\n\n<li>INSCRIPCION REGULARES desde el 2 de septiembre hasta el 1 de octubre del 2025.<\/li>\n\n\n\n<li>Link para realizar la <strong><em><a href=\"https:\/\/forms.gle\/vH2uPgj14MsQJcnWA\" data-type=\"link\" data-id=\"https:\/\/forms.gle\/vH2uPgj14MsQJcnWA\">INSCRIPCI\u00d3N<\/a><\/em><\/strong><\/li>\n<\/ul>\n\n\n\n<div data-wp-interactive=\"core\/file\" class=\"wp-block-file\"><object data-wp-bind--hidden=\"!state.hasPdfPreview\" hidden class=\"wp-block-file__embed\" data=\"https:\/\/jatrami2025.unsj.edu.ar\/wp-content\/uploads\/2025\/10\/Tabla-de-costos-1.pdf\" type=\"application\/pdf\" style=\"width:100%;height:600px\" aria-label=\"Incrustado de Tabla de costos.\"><\/object><a id=\"wp-block-file--media-467265d0-b1f9-4014-9a45-a52791eaf88c\" href=\"https:\/\/jatrami2025.unsj.edu.ar\/wp-content\/uploads\/2025\/10\/Tabla-de-costos-1.pdf\">Tabla de costos<\/a><a href=\"https:\/\/jatrami2025.unsj.edu.ar\/wp-content\/uploads\/2025\/10\/Tabla-de-costos-1.pdf\" class=\"wp-block-file__button wp-element-button\" download aria-describedby=\"wp-block-file--media-467265d0-b1f9-4014-9a45-a52791eaf88c\">Descarga<\/a><\/div>\n\n\n\n<p class=\"has-contrast-dark-color has-text-color has-link-color wp-elements-130fcabc04e0564adf4657fe340a130b\"><strong>DATOS BANCARIOS:<\/strong><\/p>\n\n\n\n<p class=\"has-contrast-dark-color has-text-color has-link-color wp-elements-f35fb23e3b9d7922aa8a393d3e500451\"><strong>Para pagos nacionales<\/strong>: Cuenta Corriente Banco de la Naci\u00f3n Argentina. Titular: Universidad Nacional de San Juan. CUIT: 30-58676233-4. CBU: 0110474920047420090763. ALIAS: TESOGENERAL<\/p>\n\n\n\n<p class=\"has-contrast-dark-color has-text-color has-link-color wp-elements-3f4d76604ab01c24a121705f95fd571a\"><strong>Para pagos desde el exterior:<\/strong> <\/p>\n\n\n\n<p class=\"has-contrast-dark-color has-text-color has-link-color wp-elements-89126ea09bc39b32712b17e21020ecf5\">*Personas \/Instituciones que asistan personalmente: EFECTIVO en USD billete<\/p>\n\n\n\n<p class=\"has-contrast-dark-color has-text-color has-link-color wp-elements-669f3ec099aeef3cbb7aef3dc2a7775a\">*Personas\/Instituciones que &nbsp;no asistan personalmente: PAGOS POR WESTERN UNION a nombre de :<\/p>\n\n\n\n<p class=\"has-contrast-dark-color has-text-color has-link-color wp-elements-481e33213fa379525d6e1e43f5cb2307\">Marcelo Ruben Bellini \u2013 DNI 14.043.189 o<\/p>\n\n\n\n<p class=\"has-contrast-dark-color has-text-color has-link-color wp-elements-0be67093e96266a282d4b33f911571dc\">Vanesa Lucia Bazan \u2013 DNI 22.868.265<\/p>\n\n\n\n<p><\/p>\n\n\n\n<p class=\"has-contrast-dark-color has-text-color has-link-color wp-elements-dc453fbc5d95d67c6b8999b6c17912af\"><strong>Enviar comprobante de pago de inscripci\u00f3n al mail: <\/strong><a href=\"mailto:lgarcia@unsj.edu.ar\"><strong>csalem@unsj.edu.ar<\/strong><\/a><strong>, indicando:<\/strong><\/p>\n\n\n\n<ul class=\"wp-block-list\">\n<li class=\"has-contrast-dark-color has-text-color has-link-color wp-elements-ed175efce0ec72a1634013214a85ceec\"><strong>Raz\u00f3n social para la emisi\u00f3n de la factura. <\/strong><\/li>\n\n\n\n<li class=\"has-contrast-dark-color has-text-color has-link-color wp-elements-985b2a59a7034a35653c42d5c84c4c8d\"><strong>Si son asistentes o autores.<\/strong><\/li>\n\n\n\n<li class=\"has-contrast-dark-color has-text-color has-link-color wp-elements-29923ea75bbab28d2c10f75c9671b051\"><strong>En caso de ser autores indicar cantidad de trabajos, nombre\/s de el\/los trabajos presentados y nombres de los autores.<\/strong><\/li>\n<\/ul>\n\n\n\n<p class=\"has-contrast-dark-color has-text-color has-link-color wp-elements-d7c544cf66e1149e29e18d699e8abe0f\"><strong>Importante, <\/strong>el pago de inscripci\u00f3n habilita:<br>&#8211; Para el caso de los <strong>Autores<\/strong> a la presentaci\u00f3n de hasta dos trabajos y asistencia a las exposiciones de la Jornada.<br>&#8211; Para el caso de los <strong>Asistentes<\/strong> los habilita a participar de las exposiciones de las jornadas.<\/p>\n","protected":false},"excerpt":{"rendered":"<p>FECHAS DE INSCRIPCI\u00d3N PARA AUTORES Y ASISTENTES Para quienes est\u00e9n EXENTOS DE PAGO les solicitamos igualmente que se inscriban en el link de inscripci\u00f3n para registrar su asistencia. DATOS BANCARIOS: Para pagos nacionales: Cuenta Corriente Banco de la Naci\u00f3n Argentina. Titular: Universidad Nacional de San Juan. CUIT: 30-58676233-4. CBU: 0110474920047420090763. ALIAS: TESOGENERAL Para pagos desde [&hellip;]<\/p>\n","protected":false},"author":1,"featured_media":0,"parent":0,"menu_order":0,"comment_status":"closed","ping_status":"closed","template":"","meta":{"footnotes":""},"class_list":["post-46","page","type-page","status-publish","hentry"],"_links":{"self":[{"href":"https:\/\/jatrami2025.unsj.edu.ar\/index.php?rest_route=\/wp\/v2\/pages\/46","targetHints":{"allow":["GET"]}}],"collection":[{"href":"https:\/\/jatrami2025.unsj.edu.ar\/index.php?rest_route=\/wp\/v2\/pages"}],"about":[{"href":"https:\/\/jatrami2025.unsj.edu.ar\/index.php?rest_route=\/wp\/v2\/types\/page"}],"author":[{"embeddable":true,"href":"https:\/\/jatrami2025.unsj.edu.ar\/index.php?rest_route=\/wp\/v2\/users\/1"}],"replies":[{"embeddable":true,"href":"https:\/\/jatrami2025.unsj.edu.ar\/index.php?rest_route=%2Fwp%2Fv2%2Fcomments&post=46"}],"version-history":[{"count":21,"href":"https:\/\/jatrami2025.unsj.edu.ar\/index.php?rest_route=\/wp\/v2\/pages\/46\/revisions"}],"predecessor-version":[{"id":564,"href":"https:\/\/jatrami2025.unsj.edu.ar\/index.php?rest_route=\/wp\/v2\/pages\/46\/revisions\/564"}],"wp:attachment":[{"href":"https:\/\/jatrami2025.unsj.edu.ar\/index.php?rest_route=%2Fwp%2Fv2%2Fmedia&parent=46"}],"curies":[{"name":"wp","href":"https:\/\/api.w.org\/{rel}","templated":true}]}}