{"id":47,"date":"2024-07-30T11:56:38","date_gmt":"2024-07-30T14:56:38","guid":{"rendered":"https:\/\/jatrami2025.unsj.edu.ar\/?page_id=47"},"modified":"2025-08-21T11:38:11","modified_gmt":"2025-08-21T14:38:11","slug":"presentacion-de-trabajos","status":"publish","type":"page","link":"https:\/\/jatrami2025.unsj.edu.ar\/?page_id=47","title":{"rendered":"TRABAJOS"},"content":{"rendered":"\n<div class=\"wp-block-file has-link-color wp-elements-778c5e806a13f0c46744120910e1827f\"><a id=\"wp-block-file--media-fba34f5d-8b78-4aa8-80ef-3f6679480251\" href=\"https:\/\/jatrami2025.unsj.edu.ar\/wp-content\/uploads\/2024\/08\/INSTRUCCIONES-PARA-LA-PRESENTACION-DE-RESUMENES.pdf\">INSTRUCCIONES PARA LA PRESENTACI\u00d3N DE RES\u00daMENES<\/a><a href=\"https:\/\/jatrami2025.unsj.edu.ar\/wp-content\/uploads\/2024\/08\/INSTRUCCIONES-PARA-LA-PRESENTACION-DE-RESUMENES.pdf\" class=\"wp-block-file__button wp-element-button\" download aria-describedby=\"wp-block-file--media-fba34f5d-8b78-4aa8-80ef-3f6679480251\">Descarga<\/a><\/div>\n\n\n\n<p class=\"has-contrast-dark-color has-text-color has-link-color wp-elements-86138313d8d07e24ed0b4dcc399b78d2\" style=\"font-size:clamp(14px, 0.875rem + ((1vw - 3.2px) * 0.114), 15px);\"><a href=\"https:\/\/forms.gle\/Bhmf2vfee8ZT88GPA\">PRESIONE AQU\u00cd PARA EL ENV\u00cdO DE RES\u00daMENES<\/a><\/p>\n\n\n\n<div class=\"wp-block-file has-link-color wp-elements-f2e55f68f502fb9c87ee8bdeb040d752\"><a id=\"wp-block-file--media-221623dd-7a44-4991-8fa7-345038d3001a\" href=\"https:\/\/jatrami2025.unsj.edu.ar\/wp-content\/uploads\/2025\/07\/Instrucciones-para-la-confeccion-y-el-envio-de-Trabajos-Completos-2025-1-1.docx\">INSTRUCCCIONES PARA LA CONFECCI\u00d3N Y ENV\u00cdO DE TRABAJOS COMPLETOS<\/a><a href=\"https:\/\/jatrami2025.unsj.edu.ar\/wp-content\/uploads\/2025\/07\/Instrucciones-para-la-confeccion-y-el-envio-de-Trabajos-Completos-2025-1-1.docx\" class=\"wp-block-file__button wp-element-button\" download aria-describedby=\"wp-block-file--media-221623dd-7a44-4991-8fa7-345038d3001a\">Descarga<\/a><\/div>\n\n\n\n<p>Los <strong>trabajos completos<\/strong> deber\u00e1n ser enviados en formato Word al <strong>mail: jatrami2025-cc@unsj.edu.ar<\/strong><\/p>\n\n\n\n<p>Planilla para presentaci\u00f3n de ponencias &#8211; <a href=\"https:\/\/jatrami2025.unsj.edu.ar\/wp-content\/uploads\/2025\/08\/Planilla-para-exposiciones.pptx\">AQUI<\/a><\/p>\n","protected":false},"excerpt":{"rendered":"<p>PRESIONE AQU\u00cd PARA EL ENV\u00cdO DE RES\u00daMENES Los trabajos completos deber\u00e1n ser enviados en formato Word al mail: jatrami2025-cc@unsj.edu.ar Planilla para presentaci\u00f3n de ponencias &#8211; AQUI<\/p>\n","protected":false},"author":1,"featured_media":0,"parent":0,"menu_order":0,"comment_status":"closed","ping_status":"closed","template":"","meta":{"footnotes":""},"class_list":["post-47","page","type-page","status-publish","hentry"],"_links":{"self":[{"href":"https:\/\/jatrami2025.unsj.edu.ar\/index.php?rest_route=\/wp\/v2\/pages\/47","targetHints":{"allow":["GET"]}}],"collection":[{"href":"https:\/\/jatrami2025.unsj.edu.ar\/index.php?rest_route=\/wp\/v2\/pages"}],"about":[{"href":"https:\/\/jatrami2025.unsj.edu.ar\/index.php?rest_route=\/wp\/v2\/types\/page"}],"author":[{"embeddable":true,"href":"https:\/\/jatrami2025.unsj.edu.ar\/index.php?rest_route=\/wp\/v2\/users\/1"}],"replies":[{"embeddable":true,"href":"https:\/\/jatrami2025.unsj.edu.ar\/index.php?rest_route=%2Fwp%2Fv2%2Fcomments&post=47"}],"version-history":[{"count":15,"href":"https:\/\/jatrami2025.unsj.edu.ar\/index.php?rest_route=\/wp\/v2\/pages\/47\/revisions"}],"predecessor-version":[{"id":512,"href":"https:\/\/jatrami2025.unsj.edu.ar\/index.php?rest_route=\/wp\/v2\/pages\/47\/revisions\/512"}],"wp:attachment":[{"href":"https:\/\/jatrami2025.unsj.edu.ar\/index.php?rest_route=%2Fwp%2Fv2%2Fmedia&parent=47"}],"curies":[{"name":"wp","href":"https:\/\/api.w.org\/{rel}","templated":true}]}}