{"id":472,"date":"2025-07-30T12:38:57","date_gmt":"2025-07-30T15:38:57","guid":{"rendered":"https:\/\/jatrami2025.unsj.edu.ar\/?page_id=472"},"modified":"2025-07-30T15:15:22","modified_gmt":"2025-07-30T18:15:22","slug":"hotel-del-bono","status":"publish","type":"page","link":"https:\/\/jatrami2025.unsj.edu.ar\/?page_id=472","title":{"rendered":"HOTEL DEL BONO"},"content":{"rendered":"\n<p class=\"has-contrast-dark-color has-mono-3-background-color has-text-color has-background has-link-color has-superbfont-medium-font-size wp-elements-cd216fbbaf0d899c5457f8e7cfad7f92\">\u2022 \u00a0Descuento del 20% en alojamiento.<br>\u2022\u00a0 Para que los asistentes puedan acceder al beneficio, deber\u00e1n mencionar el evento: JATRAMI  2025<br>\u2022\u00a0  Las reservas se podr\u00e1n tomar \u00fanicamente v\u00eda mail o tel\u00e9fonos de contacto.<br>Esto se podr\u00e1 realizar en los dos hoteles de la cadena y el descuento se aplicar\u00e1 en base a la tarifa mostrador del momento en que realicen la solicitud.<br><br>Del Bono Park Hotel Spa &amp; Casino<br>\u2022\u00a0 \u00a0 Av. Jos\u00e9 Ignacio de la Roza Oeste 1946 &#8211; Capital (Ubicado a 1,4 km de la facultad)\u00a0<a href=\"mailto:reservas@hoteldelbono.com.ar\" target=\"_blank\" rel=\"noreferrer noopener\">reservas@hoteldelbono.com.ar<\/a>\u00a0&#8211; WhatsApp: 264 465-1773 &#8211; Tel: 0264 4262300<br>Del Bono Central Hotel<br>\u2022\u00a0 \u00a0 Sarmiento Sur 201 &#8211; Capital (Ubicado a 1,9 km de la facultad)\u00a0<a href=\"mailto:reservasdbc@hoteldelbono.com.ar\" target=\"_blank\" rel=\"noreferrer noopener\">reservasdbc@hoteldelbono.com.ar<\/a>\u00a0&#8211; WhatsApp: 264 477-1856 &#8211; Tel: 0264 4936570<br><\/p>\n","protected":false},"excerpt":{"rendered":"<p>\u2022 \u00a0Descuento del 20% en alojamiento.\u2022\u00a0 Para que los asistentes puedan acceder al beneficio, deber\u00e1n mencionar el evento: JATRAMI 2025\u2022\u00a0 Las reservas se podr\u00e1n tomar \u00fanicamente v\u00eda mail o tel\u00e9fonos de contacto.Esto se podr\u00e1 realizar en los dos hoteles de la cadena y el descuento se aplicar\u00e1 en base a la tarifa mostrador del momento [&hellip;]<\/p>\n","protected":false},"author":1,"featured_media":0,"parent":0,"menu_order":0,"comment_status":"closed","ping_status":"closed","template":"","meta":{"footnotes":""},"class_list":["post-472","page","type-page","status-publish","hentry"],"_links":{"self":[{"href":"https:\/\/jatrami2025.unsj.edu.ar\/index.php?rest_route=\/wp\/v2\/pages\/472","targetHints":{"allow":["GET"]}}],"collection":[{"href":"https:\/\/jatrami2025.unsj.edu.ar\/index.php?rest_route=\/wp\/v2\/pages"}],"about":[{"href":"https:\/\/jatrami2025.unsj.edu.ar\/index.php?rest_route=\/wp\/v2\/types\/page"}],"author":[{"embeddable":true,"href":"https:\/\/jatrami2025.unsj.edu.ar\/index.php?rest_route=\/wp\/v2\/users\/1"}],"replies":[{"embeddable":true,"href":"https:\/\/jatrami2025.unsj.edu.ar\/index.php?rest_route=%2Fwp%2Fv2%2Fcomments&post=472"}],"version-history":[{"count":5,"href":"https:\/\/jatrami2025.unsj.edu.ar\/index.php?rest_route=\/wp\/v2\/pages\/472\/revisions"}],"predecessor-version":[{"id":489,"href":"https:\/\/jatrami2025.unsj.edu.ar\/index.php?rest_route=\/wp\/v2\/pages\/472\/revisions\/489"}],"wp:attachment":[{"href":"https:\/\/jatrami2025.unsj.edu.ar\/index.php?rest_route=%2Fwp%2Fv2%2Fmedia&parent=472"}],"curies":[{"name":"wp","href":"https:\/\/api.w.org\/{rel}","templated":true}]}}